{"id":110,"date":"2021-06-23T12:48:47","date_gmt":"2021-06-23T10:48:47","guid":{"rendered":"http:\/\/labradomania.pl\/?page_id=110"},"modified":"2025-11-12T16:44:05","modified_gmt":"2025-11-12T15:44:05","slug":"mioty","status":"publish","type":"page","link":"https:\/\/labradomania.pl\/index.php\/mioty\/","title":{"rendered":"mioty"},"content":{"rendered":"\t\t<div data-elementor-type=\"wp-page\" data-elementor-id=\"110\" class=\"elementor elementor-110\" data-elementor-settings=\"[]\">\n\t\t\t\t\t\t\t<div class=\"elementor-section-wrap\">\n\t\t\t\t\t\t\t<section class=\"elementor-section elementor-top-section elementor-element elementor-element-0214ec8 elementor-section-boxed elementor-section-height-default elementor-section-height-default\" data-id=\"0214ec8\" data-element_type=\"section\">\n\t\t\t\t\t\t<div class=\"elementor-container elementor-column-gap-default\">\n\t\t\t\t\t<div class=\"elementor-column elementor-col-100 elementor-top-column elementor-element elementor-element-03f0d68\" data-id=\"03f0d68\" data-element_type=\"column\">\n\t\t\t<div class=\"elementor-widget-wrap elementor-element-populated\">\n\t\t\t\t\t\t\t\t<div class=\"elementor-element elementor-element-75bb559 elementor-widget elementor-widget-image\" data-id=\"75bb559\" data-element_type=\"widget\" data-widget_type=\"image.default\">\n\t\t\t\t<div class=\"elementor-widget-container\">\n\t\t\t\t\t\t\t\t\t\t\t\t\t\t\t<img width=\"920\" height=\"574\" src=\"https:\/\/labradomania.pl\/wp-content\/uploads\/2025\/11\/IMG_7916-1024x639.jpeg\" class=\"attachment-large size-large\" alt=\"\" loading=\"lazy\" srcset=\"https:\/\/labradomania.pl\/wp-content\/uploads\/2025\/11\/IMG_7916-1024x639.jpeg 1024w, https:\/\/labradomania.pl\/wp-content\/uploads\/2025\/11\/IMG_7916-300x187.jpeg 300w, https:\/\/labradomania.pl\/wp-content\/uploads\/2025\/11\/IMG_7916-768x479.jpeg 768w, https:\/\/labradomania.pl\/wp-content\/uploads\/2025\/11\/IMG_7916-1536x958.jpeg 1536w, https:\/\/labradomania.pl\/wp-content\/uploads\/2025\/11\/IMG_7916-2048x1277.jpeg 2048w\" sizes=\"(max-width: 920px) 100vw, 920px\" \/>\t\t\t\t\t\t\t\t\t\t\t\t\t\t\t<\/div>\n\t\t\t\t<\/div>\n\t\t\t\t<div class=\"elementor-element elementor-element-4b30112 elementor-widget elementor-widget-image\" data-id=\"4b30112\" data-element_type=\"widget\" data-widget_type=\"image.default\">\n\t\t\t\t<div class=\"elementor-widget-container\">\n\t\t\t\t\t\t\t\t\t\t\t\t\t\t\t<img width=\"920\" height=\"588\" src=\"https:\/\/labradomania.pl\/wp-content\/uploads\/2024\/07\/1714985584646-1-1024x655.jpg\" class=\"attachment-large size-large\" alt=\"\" loading=\"lazy\" srcset=\"https:\/\/labradomania.pl\/wp-content\/uploads\/2024\/07\/1714985584646-1-1024x655.jpg 1024w, https:\/\/labradomania.pl\/wp-content\/uploads\/2024\/07\/1714985584646-1-300x192.jpg 300w, https:\/\/labradomania.pl\/wp-content\/uploads\/2024\/07\/1714985584646-1-768x491.jpg 768w, https:\/\/labradomania.pl\/wp-content\/uploads\/2024\/07\/1714985584646-1-1536x983.jpg 1536w, https:\/\/labradomania.pl\/wp-content\/uploads\/2024\/07\/1714985584646-1-2048x1310.jpg 2048w\" sizes=\"(max-width: 920px) 100vw, 920px\" \/>\t\t\t\t\t\t\t\t\t\t\t\t\t\t\t<\/div>\n\t\t\t\t<\/div>\n\t\t\t\t<div class=\"elementor-element elementor-element-0c00b41 elementor-widget elementor-widget-text-editor\" data-id=\"0c00b41\" data-element_type=\"widget\" data-widget_type=\"text-editor.default\">\n\t\t\t\t<div class=\"elementor-widget-container\">\n\t\t\t\t\t\t\t\t<p>28 pa\u017adziernika przysz\u0142y na \u015bwiat dzieciaki Ma\u0107ka i Tosi.<br \/>Urodzi\u0142o si\u0119 nam osiem cudownych czarnych maluch\u00f3w, pi\u0119ciu pi\u0119knych ch\u0142opc\u00f3w i trzy \u015bliczne dziewczynki.<br \/><strong>Z tego miotu nie mamy wolnych szczeni\u0105t.<\/strong><\/p><p><strong>O. BLACK ORWHITE z Grodu Hrabiego Malmesbury &#8211; MACIEK<\/strong> <br \/><span class=\"html-span xexx8yu xyri2b x18d9i69 x1c1uobl x1hl2dhg x16tdsg8 x1vvkbs x3nfvp2 x1j61x8r x1fcty0u xdj266r xat24cr xm2jcoa x1mpyi22 xxymvpz xlup9mm x1kky2od\"><strong>Ch. Belotto Bella Mare\/Peggy Sue z Grodu Hrabiego Malmesbury<br \/><\/strong><\/span>* HD A , ED 0\/0 , OCD 0\/0 eyes clear (ECVO) (prcd) &#8211; PRA clear EIC &amp; HNPK &amp; DM clear Dilute Gene: Clear Long Coat Gene: Negative STGD-PRA clear Skeletal Dysplasia 2 ( SD2, ) : clear Degenerative Myelopathy ( DM ) clear Myopathy ( CNM ) clear Maligant hyperthermia (MH) clear Congenital Myasthenic Syndrome ( CMS ) clear Cystinuria, Narcolepsy Copper Toxicosis (CT): clear<\/p><p><strong>M. DIUNA Azgard FCI &#8211; TOSIA\u00a0<br \/>Jorge Azgard (FCI)\/White Temptation Labagath (FCI)<br \/><\/strong>* HD-A\/A * ED O\/O * prcd-PRA \u2013 clear * EIC \u2013 clear * HNPK \u2013 clear * Stargardt disease (STGD) \u2013 clear * CNM \u2013 clear * DM \u2013 clear * SD2 \u2013 clear * OSD \u2013 clear * EYES \u2013 clear * HEART ECHO OFA \u2013 clear<\/p>\t\t\t\t\t\t<\/div>\n\t\t\t\t<\/div>\n\t\t\t\t<div class=\"elementor-element elementor-element-ffb628a elementor-widget-divider--view-line elementor-widget elementor-widget-divider\" data-id=\"ffb628a\" data-element_type=\"widget\" data-widget_type=\"divider.default\">\n\t\t\t\t<div class=\"elementor-widget-container\">\n\t\t\t\t\t<div class=\"elementor-divider\">\n\t\t\t<span class=\"elementor-divider-separator\">\n\t\t\t\t\t\t<\/span>\n\t\t<\/div>\n\t\t\t\t<\/div>\n\t\t\t\t<\/div>\n\t\t\t\t<div class=\"elementor-element elementor-element-fe7513d elementor-widget-divider--view-line elementor-widget elementor-widget-divider\" data-id=\"fe7513d\" data-element_type=\"widget\" data-widget_type=\"divider.default\">\n\t\t\t\t<div class=\"elementor-widget-container\">\n\t\t\t\t\t<div class=\"elementor-divider\">\n\t\t\t<span class=\"elementor-divider-separator\">\n\t\t\t\t\t\t<\/span>\n\t\t<\/div>\n\t\t\t\t<\/div>\n\t\t\t\t<\/div>\n\t\t\t\t\t<\/div>\n\t\t<\/div>\n\t\t\t\t\t\t\t<\/div>\n\t\t<\/section>\n\t\t\t\t<section class=\"elementor-section elementor-top-section elementor-element elementor-element-5c38657 elementor-section-boxed elementor-section-height-default elementor-section-height-default\" data-id=\"5c38657\" data-element_type=\"section\">\n\t\t\t\t\t\t<div class=\"elementor-container elementor-column-gap-default\">\n\t\t\t\t\t<div class=\"elementor-column elementor-col-100 elementor-top-column elementor-element elementor-element-2b028c6\" data-id=\"2b028c6\" data-element_type=\"column\">\n\t\t\t<div class=\"elementor-widget-wrap\">\n\t\t\t\t\t\t\t\t\t<\/div>\n\t\t<\/div>\n\t\t\t\t\t\t\t<\/div>\n\t\t<\/section>\n\t\t\t\t<section class=\"elementor-section elementor-top-section elementor-element elementor-element-d9c73f9 elementor-section-boxed elementor-section-height-default elementor-section-height-default\" data-id=\"d9c73f9\" data-element_type=\"section\">\n\t\t\t\t\t\t<div class=\"elementor-container elementor-column-gap-default\">\n\t\t\t\t\t<div class=\"elementor-column elementor-col-100 elementor-top-column elementor-element elementor-element-a495859\" data-id=\"a495859\" data-element_type=\"column\">\n\t\t\t<div class=\"elementor-widget-wrap\">\n\t\t\t\t\t\t\t\t\t<\/div>\n\t\t<\/div>\n\t\t\t\t\t\t\t<\/div>\n\t\t<\/section>\n\t\t\t\t<section class=\"elementor-section elementor-top-section elementor-element elementor-element-8db211e elementor-section-boxed elementor-section-height-default elementor-section-height-default\" data-id=\"8db211e\" data-element_type=\"section\">\n\t\t\t\t\t\t<div class=\"elementor-container elementor-column-gap-default\">\n\t\t\t\t\t<div class=\"elementor-column elementor-col-100 elementor-top-column elementor-element elementor-element-c711a9d\" data-id=\"c711a9d\" data-element_type=\"column\">\n\t\t\t<div class=\"elementor-widget-wrap elementor-element-populated\">\n\t\t\t\t\t\t\t\t<div class=\"elementor-element elementor-element-3495160 elementor-widget elementor-widget-text-editor\" data-id=\"3495160\" data-element_type=\"widget\" data-widget_type=\"text-editor.default\">\n\t\t\t\t<div class=\"elementor-widget-container\">\n\t\t\t\t\t\t\t\t\t\t\t\t\t\t<\/div>\n\t\t\t\t<\/div>\n\t\t\t\t\t<\/div>\n\t\t<\/div>\n\t\t\t\t\t\t\t<\/div>\n\t\t<\/section>\n\t\t\t\t<section class=\"elementor-section elementor-top-section elementor-element elementor-element-7c3025f elementor-section-boxed elementor-section-height-default elementor-section-height-default\" data-id=\"7c3025f\" data-element_type=\"section\">\n\t\t\t\t\t\t<div class=\"elementor-container elementor-column-gap-default\">\n\t\t\t\t\t<div class=\"elementor-column elementor-col-100 elementor-top-column elementor-element elementor-element-1a415cf\" data-id=\"1a415cf\" data-element_type=\"column\">\n\t\t\t<div class=\"elementor-widget-wrap elementor-element-populated\">\n\t\t\t\t\t\t\t\t<div class=\"elementor-element elementor-element-231bed0 elementor-widget elementor-widget-spacer\" data-id=\"231bed0\" data-element_type=\"widget\" data-widget_type=\"spacer.default\">\n\t\t\t\t<div class=\"elementor-widget-container\">\n\t\t\t\t\t<div class=\"elementor-spacer\">\n\t\t\t<div class=\"elementor-spacer-inner\"><\/div>\n\t\t<\/div>\n\t\t\t\t<\/div>\n\t\t\t\t<\/div>\n\t\t\t\t\t<\/div>\n\t\t<\/div>\n\t\t\t\t\t\t\t<\/div>\n\t\t<\/section>\n\t\t\t\t<section class=\"elementor-section elementor-top-section elementor-element elementor-element-c91ff12 elementor-section-boxed elementor-section-height-default elementor-section-height-default\" data-id=\"c91ff12\" data-element_type=\"section\">\n\t\t\t\t\t\t<div class=\"elementor-container elementor-column-gap-default\">\n\t\t\t\t\t<div class=\"elementor-column elementor-col-100 elementor-top-column elementor-element elementor-element-6f7fd0f\" data-id=\"6f7fd0f\" data-element_type=\"column\">\n\t\t\t<div class=\"elementor-widget-wrap elementor-element-populated\">\n\t\t\t\t\t\t\t\t<div class=\"elementor-element elementor-element-390de20 elementor-widget elementor-widget-text-editor\" data-id=\"390de20\" data-element_type=\"widget\" data-widget_type=\"text-editor.default\">\n\t\t\t\t<div class=\"elementor-widget-container\">\n\t\t\t\t\t\t\t\t\t\t\t\t\t\t<\/div>\n\t\t\t\t<\/div>\n\t\t\t\t\t<\/div>\n\t\t<\/div>\n\t\t\t\t\t\t\t<\/div>\n\t\t<\/section>\n\t\t\t\t<section class=\"elementor-section elementor-top-section elementor-element elementor-element-4408d35 elementor-section-boxed elementor-section-height-default elementor-section-height-default\" data-id=\"4408d35\" data-element_type=\"section\">\n\t\t\t\t\t\t<div class=\"elementor-container elementor-column-gap-default\">\n\t\t\t\t\t<div class=\"elementor-column elementor-col-100 elementor-top-column elementor-element elementor-element-fd95efe\" data-id=\"fd95efe\" data-element_type=\"column\">\n\t\t\t<div class=\"elementor-widget-wrap\">\n\t\t\t\t\t\t\t\t\t<\/div>\n\t\t<\/div>\n\t\t\t\t\t\t\t<\/div>\n\t\t<\/section>\n\t\t\t\t<section class=\"elementor-section elementor-top-section elementor-element elementor-element-9f61c84 elementor-section-boxed elementor-section-height-default elementor-section-height-default\" data-id=\"9f61c84\" data-element_type=\"section\">\n\t\t\t\t\t\t<div class=\"elementor-container elementor-column-gap-default\">\n\t\t\t\t\t<div class=\"elementor-column elementor-col-100 elementor-top-column elementor-element elementor-element-a642c33\" data-id=\"a642c33\" data-element_type=\"column\">\n\t\t\t<div class=\"elementor-widget-wrap\">\n\t\t\t\t\t\t\t\t\t<\/div>\n\t\t<\/div>\n\t\t\t\t\t\t\t<\/div>\n\t\t<\/section>\n\t\t\t\t<section class=\"elementor-section elementor-top-section elementor-element elementor-element-007a47e elementor-section-boxed elementor-section-height-default elementor-section-height-default\" data-id=\"007a47e\" data-element_type=\"section\">\n\t\t\t\t\t\t<div class=\"elementor-container elementor-column-gap-default\">\n\t\t\t\t\t<div class=\"elementor-column elementor-col-100 elementor-top-column elementor-element elementor-element-5cbaf53\" data-id=\"5cbaf53\" data-element_type=\"column\">\n\t\t\t<div class=\"elementor-widget-wrap\">\n\t\t\t\t\t\t\t\t\t<\/div>\n\t\t<\/div>\n\t\t\t\t\t\t\t<\/div>\n\t\t<\/section>\n\t\t\t\t<section class=\"elementor-section elementor-top-section elementor-element elementor-element-9ccee15 elementor-section-boxed elementor-section-height-default elementor-section-height-default\" data-id=\"9ccee15\" data-element_type=\"section\">\n\t\t\t\t\t\t<div class=\"elementor-container elementor-column-gap-default\">\n\t\t\t\t\t<div class=\"elementor-column elementor-col-100 elementor-top-column elementor-element elementor-element-5afe7a1\" data-id=\"5afe7a1\" data-element_type=\"column\">\n\t\t\t<div class=\"elementor-widget-wrap\">\n\t\t\t\t\t\t\t\t\t<\/div>\n\t\t<\/div>\n\t\t\t\t\t\t\t<\/div>\n\t\t<\/section>\n\t\t\t\t\t\t<\/div>\n\t\t\t\t\t<\/div>\n\t\t","protected":false},"excerpt":{"rendered":"<p>28 pa\u017adziernika przysz\u0142y na \u015bwiat dzieciaki Ma\u0107ka i Tosi.Urodzi\u0142o si\u0119 nam osiem cudownych czarnych maluch\u00f3w, pi\u0119ciu pi\u0119knych ch\u0142opc\u00f3w i trzy \u015bliczne dziewczynki.Z tego miotu nie mamy wolnych szczeni\u0105t. O. BLACK<\/p>\n<p class=\"more-link\"><a href=\"https:\/\/labradomania.pl\/index.php\/mioty\/\" class=\"readmore\">Continue reading<svg class=\"icon icon-arrow-right\" aria-hidden=\"true\" role=\"img\"> <use href=\"#icon-arrow-right\" xlink:href=\"#icon-arrow-right\"><\/use> <\/svg><span class=\"screen-reader-text\">mioty<\/span><\/a><\/p>\n","protected":false},"author":1,"featured_media":0,"parent":0,"menu_order":0,"comment_status":"closed","ping_status":"closed","template":"","meta":{"om_disable_all_campaigns":false,"_monsterinsights_skip_tracking":false,"_monsterinsights_sitenote_active":false,"_monsterinsights_sitenote_note":"","_monsterinsights_sitenote_category":0},"_links":{"self":[{"href":"https:\/\/labradomania.pl\/index.php\/wp-json\/wp\/v2\/pages\/110"}],"collection":[{"href":"https:\/\/labradomania.pl\/index.php\/wp-json\/wp\/v2\/pages"}],"about":[{"href":"https:\/\/labradomania.pl\/index.php\/wp-json\/wp\/v2\/types\/page"}],"author":[{"embeddable":true,"href":"https:\/\/labradomania.pl\/index.php\/wp-json\/wp\/v2\/users\/1"}],"replies":[{"embeddable":true,"href":"https:\/\/labradomania.pl\/index.php\/wp-json\/wp\/v2\/comments?post=110"}],"version-history":[{"count":142,"href":"https:\/\/labradomania.pl\/index.php\/wp-json\/wp\/v2\/pages\/110\/revisions"}],"predecessor-version":[{"id":644,"href":"https:\/\/labradomania.pl\/index.php\/wp-json\/wp\/v2\/pages\/110\/revisions\/644"}],"wp:attachment":[{"href":"https:\/\/labradomania.pl\/index.php\/wp-json\/wp\/v2\/media?parent=110"}],"curies":[{"name":"wp","href":"https:\/\/api.w.org\/{rel}","templated":true}]}}