{"id":105,"date":"2021-06-23T12:47:43","date_gmt":"2021-06-23T10:47:43","guid":{"rendered":"http:\/\/labradomania.pl\/?page_id=105"},"modified":"2021-07-13T09:23:24","modified_gmt":"2021-07-13T07:23:24","slug":"wystawy","status":"publish","type":"page","link":"https:\/\/labradomania.pl\/index.php\/wystawy\/","title":{"rendered":"wystawy"},"content":{"rendered":"\t\t<div data-elementor-type=\"wp-page\" data-elementor-id=\"105\" class=\"elementor elementor-105\" data-elementor-settings=\"[]\">\n\t\t\t\t\t\t\t<div class=\"elementor-section-wrap\">\n\t\t\t\t\t\t\t<section class=\"elementor-section elementor-top-section elementor-element elementor-element-4c6307e elementor-section-boxed elementor-section-height-default elementor-section-height-default\" data-id=\"4c6307e\" data-element_type=\"section\">\n\t\t\t\t\t\t<div class=\"elementor-container elementor-column-gap-default\">\n\t\t\t\t\t<div class=\"elementor-column elementor-col-100 elementor-top-column elementor-element elementor-element-7fac5e1\" data-id=\"7fac5e1\" data-element_type=\"column\">\n\t\t\t<div class=\"elementor-widget-wrap elementor-element-populated\">\n\t\t\t\t\t\t\t\t<div class=\"elementor-element elementor-element-db6aad8 elementor-widget elementor-widget-text-editor\" data-id=\"db6aad8\" data-element_type=\"widget\" data-widget_type=\"text-editor.default\">\n\t\t\t\t<div class=\"elementor-widget-container\">\n\t\t\t\t\t\t\t\t<h3 style=\"text-align: center;\"><span style=\"color: #333333;\"><strong>Wystawy<\/strong><\/span><\/h3>\t\t\t\t\t\t<\/div>\n\t\t\t\t<\/div>\n\t\t\t\t\t<\/div>\n\t\t<\/div>\n\t\t\t\t\t\t\t<\/div>\n\t\t<\/section>\n\t\t\t\t<section class=\"elementor-section elementor-top-section elementor-element elementor-element-a7da841 elementor-section-boxed elementor-section-height-default elementor-section-height-default\" data-id=\"a7da841\" data-element_type=\"section\">\n\t\t\t\t\t\t<div class=\"elementor-container elementor-column-gap-default\">\n\t\t\t\t\t<div class=\"elementor-column elementor-col-50 elementor-top-column elementor-element elementor-element-5b9904a\" data-id=\"5b9904a\" data-element_type=\"column\">\n\t\t\t<div class=\"elementor-widget-wrap elementor-element-populated\">\n\t\t\t\t\t\t\t\t<div class=\"elementor-element elementor-element-379d083 elementor-widget elementor-widget-text-editor\" data-id=\"379d083\" data-element_type=\"widget\" data-widget_type=\"text-editor.default\">\n\t\t\t\t<div class=\"elementor-widget-container\">\n\t\t\t\t\t\t\t\t<p>International Dog Show<br \/>KENNEL CLUB OF MONTENEGRO.<br \/>\u25fe YOKO Labradomania Ceg-FCI \ud83c\udfc6<br \/>\u25fe Champion of Montenegro \ud83c\udfc6<br \/>\u25fe Grand Champion of Montenegro \ud83c\udfc6<br \/>XXIV IDS. CACIB 1 PG 2020.<br \/>Podgorica.<br \/>28.11.2020 judge Antonio Mracevic (ME)<br \/>\ud83c\udfc6 Place 1, qualifications excellent, CAC, CACIB, BOS.<br \/>XXV IDS. CACIB 2 PG 2020.<br \/>Podgorica.<br \/>29.11.2020 judge Vasko Mudresa (ME)\ud83c\udfc6 Place 1, qualifications excellent, CAC, CACIB, BOB, R.BOG.<\/p>\t\t\t\t\t\t<\/div>\n\t\t\t\t<\/div>\n\t\t\t\t\t<\/div>\n\t\t<\/div>\n\t\t\t\t<div class=\"elementor-column elementor-col-50 elementor-top-column elementor-element elementor-element-4f40d96\" data-id=\"4f40d96\" data-element_type=\"column\">\n\t\t\t<div class=\"elementor-widget-wrap elementor-element-populated\">\n\t\t\t\t\t\t\t\t<div class=\"elementor-element elementor-element-7de519b elementor-widget elementor-widget-image\" data-id=\"7de519b\" data-element_type=\"widget\" data-widget_type=\"image.default\">\n\t\t\t\t<div class=\"elementor-widget-container\">\n\t\t\t\t\t\t\t\t\t\t\t\t\t\t\t<img width=\"402\" height=\"536\" src=\"https:\/\/labradomania.pl\/wp-content\/uploads\/2021\/07\/2afdff54fa5bfc372c2a54de6afaa2be_410x536.jpeg\" class=\"attachment-large size-large\" alt=\"\" loading=\"lazy\" srcset=\"https:\/\/labradomania.pl\/wp-content\/uploads\/2021\/07\/2afdff54fa5bfc372c2a54de6afaa2be_410x536.jpeg 402w, https:\/\/labradomania.pl\/wp-content\/uploads\/2021\/07\/2afdff54fa5bfc372c2a54de6afaa2be_410x536-225x300.jpeg 225w\" sizes=\"(max-width: 402px) 100vw, 402px\" \/>\t\t\t\t\t\t\t\t\t\t\t\t\t\t\t<\/div>\n\t\t\t\t<\/div>\n\t\t\t\t\t<\/div>\n\t\t<\/div>\n\t\t\t\t\t\t\t<\/div>\n\t\t<\/section>\n\t\t\t\t<section class=\"elementor-section elementor-top-section elementor-element elementor-element-834d732 elementor-section-boxed elementor-section-height-default elementor-section-height-default\" data-id=\"834d732\" data-element_type=\"section\">\n\t\t\t\t\t\t<div class=\"elementor-container elementor-column-gap-default\">\n\t\t\t\t\t<div class=\"elementor-column elementor-col-50 elementor-top-column elementor-element elementor-element-96077ab\" data-id=\"96077ab\" data-element_type=\"column\">\n\t\t\t<div class=\"elementor-widget-wrap elementor-element-populated\">\n\t\t\t\t\t\t\t\t<div class=\"elementor-element elementor-element-4e1f72d elementor-widget elementor-widget-text-editor\" data-id=\"4e1f72d\" data-element_type=\"widget\" data-widget_type=\"text-editor.default\">\n\t\t\t\t<div class=\"elementor-widget-container\">\n\t\t\t\t\t\t\t\t<p class=\"wb-stl-normal\">International Dog Show 2 X CACIB,CAC<br \/>Skopje Macedonia.<br \/><strong>YOKO Labradomania Ceg FCI &#8211;\u00a0<\/strong>klasa otwarta<br \/>*<strong>CHAMPION MACEDONII\u00a0<br \/><\/strong><strong>22.02.2020\u00a0-CAC\u00a0\u00a0<\/strong>s\u0119dzia JaneSerafimov (MK)<br \/>ocena doskona\u0142a lokata\u00a0<strong>1.CAC.<\/strong>\u00a0<br \/><strong>22.02.2020-CACIB-1\u00a0<\/strong>s\u0119dzia Gabriel Stibel (MK)<br \/>ocena doskonala lokata\u00a0<strong>1 \u00a0.R.CACIB.CAC.<br \/><\/strong><strong>23.02.2020 -CACIB-2\u00a0<\/strong>s\u0119dzia Pance Dameski (MK)<br \/>ocena doskona\u0142a lokata <strong>1 \u00a0 .R.CACOB.CAC.<\/strong><\/p>\t\t\t\t\t\t<\/div>\n\t\t\t\t<\/div>\n\t\t\t\t\t<\/div>\n\t\t<\/div>\n\t\t\t\t<div class=\"elementor-column elementor-col-50 elementor-top-column elementor-element elementor-element-648138e\" data-id=\"648138e\" data-element_type=\"column\">\n\t\t\t<div class=\"elementor-widget-wrap elementor-element-populated\">\n\t\t\t\t\t\t\t\t<div class=\"elementor-element elementor-element-2b1a9bc elementor-widget elementor-widget-image\" data-id=\"2b1a9bc\" data-element_type=\"widget\" data-widget_type=\"image.default\">\n\t\t\t\t<div class=\"elementor-widget-container\">\n\t\t\t\t\t\t\t\t\t\t\t\t\t\t\t<img width=\"405\" height=\"539\" src=\"https:\/\/labradomania.pl\/wp-content\/uploads\/2021\/07\/eb27544445c9653c12d83641ea0a9c29_405x550.jpeg\" class=\"attachment-large size-large\" alt=\"\" loading=\"lazy\" srcset=\"https:\/\/labradomania.pl\/wp-content\/uploads\/2021\/07\/eb27544445c9653c12d83641ea0a9c29_405x550.jpeg 405w, https:\/\/labradomania.pl\/wp-content\/uploads\/2021\/07\/eb27544445c9653c12d83641ea0a9c29_405x550-225x300.jpeg 225w\" sizes=\"(max-width: 405px) 100vw, 405px\" \/>\t\t\t\t\t\t\t\t\t\t\t\t\t\t\t<\/div>\n\t\t\t\t<\/div>\n\t\t\t\t\t<\/div>\n\t\t<\/div>\n\t\t\t\t\t\t\t<\/div>\n\t\t<\/section>\n\t\t\t\t<section class=\"elementor-section elementor-top-section elementor-element elementor-element-005512a elementor-section-boxed elementor-section-height-default elementor-section-height-default\" data-id=\"005512a\" data-element_type=\"section\">\n\t\t\t\t\t\t<div class=\"elementor-container elementor-column-gap-default\">\n\t\t\t\t\t<div class=\"elementor-column elementor-col-50 elementor-top-column elementor-element elementor-element-5875806\" data-id=\"5875806\" data-element_type=\"column\">\n\t\t\t<div class=\"elementor-widget-wrap elementor-element-populated\">\n\t\t\t\t\t\t\t\t<div class=\"elementor-element elementor-element-13d6d78 elementor-widget elementor-widget-text-editor\" data-id=\"13d6d78\" data-element_type=\"widget\" data-widget_type=\"text-editor.default\">\n\t\t\t\t<div class=\"elementor-widget-container\">\n\t\t\t\t\t\t\t\t<p class=\"wb-stl-normal\">International Dog Show 3 X CACIB BULGARIAN Sofia<br \/><strong>YOKO Labradomania Ceg FCI<\/strong>\u00a0-klasa po\u015brednia.<br \/><b>*CHAMPION BULGARIA<br \/><\/b><b>*GRAND CHAMPION BULGARIA<br \/><\/b><b>*BALKAN CHAMPION<br \/><\/b><b>13.12.2019.\u00a0<\/b>s\u0119dzia Cristine Watson (CY)<br \/>ocena doskona\u0142a lokata\u00a0<strong>1. CACIB\/CAC\/BOS.<br \/><\/strong><strong>14.12.2019.\u00a0<\/strong>s\u0119dzia Shaun Watson (CY)<br \/>ocena doskona\u0142a lokata\u00a0<strong>1. CACIB\/CAC\/BOB\/BOG-2.<br \/><\/strong><strong>15.12.2019.\u00a0<\/strong>s\u0119dzia Boris Spoljaric (HR)<br \/>ocena doskonala lokata\u00a0<strong>1. CACIB\/CAC\/BOB\/BOG-1.<\/strong><\/p>\t\t\t\t\t\t<\/div>\n\t\t\t\t<\/div>\n\t\t\t\t\t<\/div>\n\t\t<\/div>\n\t\t\t\t<div class=\"elementor-column elementor-col-50 elementor-top-column elementor-element elementor-element-5205e83\" data-id=\"5205e83\" data-element_type=\"column\">\n\t\t\t<div class=\"elementor-widget-wrap elementor-element-populated\">\n\t\t\t\t\t\t\t\t<div class=\"elementor-element elementor-element-b4ce5c0 elementor-widget elementor-widget-image\" data-id=\"b4ce5c0\" data-element_type=\"widget\" data-widget_type=\"image.default\">\n\t\t\t\t<div class=\"elementor-widget-container\">\n\t\t\t\t\t\t\t\t\t\t\t\t\t\t\t<img width=\"920\" height=\"599\" src=\"https:\/\/labradomania.pl\/wp-content\/uploads\/2021\/07\/209569349_4702630043083683_5950515643784450348_n-1024x667.jpg\" class=\"attachment-large size-large\" alt=\"\" loading=\"lazy\" srcset=\"https:\/\/labradomania.pl\/wp-content\/uploads\/2021\/07\/209569349_4702630043083683_5950515643784450348_n-1024x667.jpg 1024w, https:\/\/labradomania.pl\/wp-content\/uploads\/2021\/07\/209569349_4702630043083683_5950515643784450348_n-300x195.jpg 300w, https:\/\/labradomania.pl\/wp-content\/uploads\/2021\/07\/209569349_4702630043083683_5950515643784450348_n-768x500.jpg 768w, https:\/\/labradomania.pl\/wp-content\/uploads\/2021\/07\/209569349_4702630043083683_5950515643784450348_n.jpg 1366w\" sizes=\"(max-width: 920px) 100vw, 920px\" \/>\t\t\t\t\t\t\t\t\t\t\t\t\t\t\t<\/div>\n\t\t\t\t<\/div>\n\t\t\t\t\t<\/div>\n\t\t<\/div>\n\t\t\t\t\t\t\t<\/div>\n\t\t<\/section>\n\t\t\t\t<section class=\"elementor-section elementor-top-section elementor-element elementor-element-7204762 elementor-section-boxed elementor-section-height-default elementor-section-height-default\" data-id=\"7204762\" data-element_type=\"section\">\n\t\t\t\t\t\t<div class=\"elementor-container elementor-column-gap-default\">\n\t\t\t\t\t<div class=\"elementor-column elementor-col-50 elementor-top-column elementor-element elementor-element-6d62c86\" data-id=\"6d62c86\" data-element_type=\"column\">\n\t\t\t<div class=\"elementor-widget-wrap elementor-element-populated\">\n\t\t\t\t\t\t\t\t<div class=\"elementor-element elementor-element-e2d137f elementor-widget elementor-widget-text-editor\" data-id=\"e2d137f\" data-element_type=\"widget\" data-widget_type=\"text-editor.default\">\n\t\t\t\t<div class=\"elementor-widget-container\">\n\t\t\t\t\t\t\t\t<p class=\"wb-stl-normal\">*20.10.2019.<br \/>Piotrk\u00f3w Trybunalski oddzia\u0142 \u0141\u00f3d\u017c<br \/>Krajowa Wystawa Ps\u00f3w Mysliwskich.<br \/>s\u0119dzia Piotr Kr\u00f3l (PL).<br \/>YOKO Labradomania Ceg FCI.<br \/>klasa posrednia ocena doskona\u0142a lokata\u00a0<strong>3<\/strong><\/p>\t\t\t\t\t\t<\/div>\n\t\t\t\t<\/div>\n\t\t\t\t\t<\/div>\n\t\t<\/div>\n\t\t\t\t<div class=\"elementor-column elementor-col-50 elementor-top-column elementor-element elementor-element-a448ae5\" data-id=\"a448ae5\" data-element_type=\"column\">\n\t\t\t<div class=\"elementor-widget-wrap elementor-element-populated\">\n\t\t\t\t\t\t\t\t<div class=\"elementor-element elementor-element-3efb82d elementor-widget elementor-widget-image\" data-id=\"3efb82d\" data-element_type=\"widget\" data-widget_type=\"image.default\">\n\t\t\t\t<div class=\"elementor-widget-container\">\n\t\t\t\t\t\t\t\t\t\t\t\t\t\t\t<img width=\"500\" height=\"374\" src=\"https:\/\/labradomania.pl\/wp-content\/uploads\/2021\/07\/0e0dadbb230d47ec9aff7012d321ea45_500x380.jpeg\" class=\"attachment-large size-large\" alt=\"\" loading=\"lazy\" srcset=\"https:\/\/labradomania.pl\/wp-content\/uploads\/2021\/07\/0e0dadbb230d47ec9aff7012d321ea45_500x380.jpeg 500w, https:\/\/labradomania.pl\/wp-content\/uploads\/2021\/07\/0e0dadbb230d47ec9aff7012d321ea45_500x380-300x224.jpeg 300w, https:\/\/labradomania.pl\/wp-content\/uploads\/2021\/07\/0e0dadbb230d47ec9aff7012d321ea45_500x380-124x93.jpeg 124w\" sizes=\"(max-width: 500px) 100vw, 500px\" \/>\t\t\t\t\t\t\t\t\t\t\t\t\t\t\t<\/div>\n\t\t\t\t<\/div>\n\t\t\t\t\t<\/div>\n\t\t<\/div>\n\t\t\t\t\t\t\t<\/div>\n\t\t<\/section>\n\t\t\t\t<section class=\"elementor-section elementor-top-section elementor-element elementor-element-941c48c elementor-section-boxed elementor-section-height-default elementor-section-height-default\" data-id=\"941c48c\" data-element_type=\"section\">\n\t\t\t\t\t\t<div class=\"elementor-container elementor-column-gap-default\">\n\t\t\t\t\t<div class=\"elementor-column elementor-col-50 elementor-top-column elementor-element elementor-element-1fa6225\" data-id=\"1fa6225\" data-element_type=\"column\">\n\t\t\t<div class=\"elementor-widget-wrap elementor-element-populated\">\n\t\t\t\t\t\t\t\t<div class=\"elementor-element elementor-element-8c0f920 elementor-widget elementor-widget-text-editor\" data-id=\"8c0f920\" data-element_type=\"widget\" data-widget_type=\"text-editor.default\">\n\t\t\t\t<div class=\"elementor-widget-container\">\n\t\t\t\t\t\t\t\t<p class=\"wb-stl-normal\">*19.10.2019.<br \/>Piotrk\u00f3w Trybunalski oddzia\u0142 \u0141\u00f3d\u017c.<br \/>Krajowa Wystawa Ps\u00f3w My\u015bliwskich.<br \/>s\u0119dzia Magdalena \u015awi\u0119to\u0144 (PL)<br \/>YOKO Labradomania Ceg FCI.<br \/>klasa po\u015brednia,ocena bardzo dobra lokata\u00a0<strong>2<\/strong>.<\/p>\t\t\t\t\t\t<\/div>\n\t\t\t\t<\/div>\n\t\t\t\t\t<\/div>\n\t\t<\/div>\n\t\t\t\t<div class=\"elementor-column elementor-col-50 elementor-top-column elementor-element elementor-element-8634602\" data-id=\"8634602\" data-element_type=\"column\">\n\t\t\t<div class=\"elementor-widget-wrap elementor-element-populated\">\n\t\t\t\t\t\t\t\t<div class=\"elementor-element elementor-element-6e2da06 elementor-widget elementor-widget-image\" data-id=\"6e2da06\" data-element_type=\"widget\" data-widget_type=\"image.default\">\n\t\t\t\t<div class=\"elementor-widget-container\">\n\t\t\t\t\t\t\t\t\t\t\t\t\t\t\t<img width=\"405\" height=\"540\" src=\"https:\/\/labradomania.pl\/wp-content\/uploads\/2021\/07\/cf5dbae89acee07dc2fe9abf10b51b88_540x540.jpg\" class=\"attachment-large size-large\" alt=\"\" loading=\"lazy\" srcset=\"https:\/\/labradomania.pl\/wp-content\/uploads\/2021\/07\/cf5dbae89acee07dc2fe9abf10b51b88_540x540.jpg 405w, https:\/\/labradomania.pl\/wp-content\/uploads\/2021\/07\/cf5dbae89acee07dc2fe9abf10b51b88_540x540-225x300.jpg 225w\" sizes=\"(max-width: 405px) 100vw, 405px\" \/>\t\t\t\t\t\t\t\t\t\t\t\t\t\t\t<\/div>\n\t\t\t\t<\/div>\n\t\t\t\t\t<\/div>\n\t\t<\/div>\n\t\t\t\t\t\t\t<\/div>\n\t\t<\/section>\n\t\t\t\t<section class=\"elementor-section elementor-top-section elementor-element elementor-element-2134c28 elementor-section-boxed elementor-section-height-default elementor-section-height-default\" data-id=\"2134c28\" data-element_type=\"section\">\n\t\t\t\t\t\t<div class=\"elementor-container elementor-column-gap-default\">\n\t\t\t\t\t<div class=\"elementor-column elementor-col-50 elementor-top-column elementor-element elementor-element-e2ace44\" data-id=\"e2ace44\" data-element_type=\"column\">\n\t\t\t<div class=\"elementor-widget-wrap elementor-element-populated\">\n\t\t\t\t\t\t\t\t<div class=\"elementor-element elementor-element-4293030 elementor-widget elementor-widget-text-editor\" data-id=\"4293030\" data-element_type=\"widget\" data-widget_type=\"text-editor.default\">\n\t\t\t\t<div class=\"elementor-widget-container\">\n\t\t\t\t\t\t\t\t<p class=\"wb-stl-normal\">* 13.10.2019.<\/p><p class=\"wb-stl-normal\">Gliwice oddzia\u0142 Zabrze<br \/>44 Zabrza\u0144ska Wystawa Ps\u00f3w Rasowych<br \/>s\u0119dzia Wojciech Burski (PL)<br \/>YOKO Labradomania Ceg FCI<br \/>klasa po\u015brednia ocena doskona\u0142a lokata\u00a0<strong>2<\/strong>.<\/p>\t\t\t\t\t\t<\/div>\n\t\t\t\t<\/div>\n\t\t\t\t\t<\/div>\n\t\t<\/div>\n\t\t\t\t<div class=\"elementor-column elementor-col-50 elementor-top-column elementor-element elementor-element-a664de0\" data-id=\"a664de0\" data-element_type=\"column\">\n\t\t\t<div class=\"elementor-widget-wrap elementor-element-populated\">\n\t\t\t\t\t\t\t\t<div class=\"elementor-element elementor-element-92b74f3 elementor-widget elementor-widget-image\" data-id=\"92b74f3\" data-element_type=\"widget\" data-widget_type=\"image.default\">\n\t\t\t\t<div class=\"elementor-widget-container\">\n\t\t\t\t\t\t\t\t\t\t\t\t\t\t\t<img width=\"400\" height=\"411\" src=\"https:\/\/labradomania.pl\/wp-content\/uploads\/2021\/07\/64755dfcdba4af72e6b47a5cf4df21c4_400x411.jpg\" class=\"attachment-large size-large\" alt=\"\" loading=\"lazy\" srcset=\"https:\/\/labradomania.pl\/wp-content\/uploads\/2021\/07\/64755dfcdba4af72e6b47a5cf4df21c4_400x411.jpg 400w, https:\/\/labradomania.pl\/wp-content\/uploads\/2021\/07\/64755dfcdba4af72e6b47a5cf4df21c4_400x411-292x300.jpg 292w, https:\/\/labradomania.pl\/wp-content\/uploads\/2021\/07\/64755dfcdba4af72e6b47a5cf4df21c4_400x411-50x50.jpg 50w\" sizes=\"(max-width: 400px) 100vw, 400px\" \/>\t\t\t\t\t\t\t\t\t\t\t\t\t\t\t<\/div>\n\t\t\t\t<\/div>\n\t\t\t\t\t<\/div>\n\t\t<\/div>\n\t\t\t\t\t\t\t<\/div>\n\t\t<\/section>\n\t\t\t\t<section class=\"elementor-section elementor-top-section elementor-element elementor-element-79a8aaa elementor-section-boxed elementor-section-height-default elementor-section-height-default\" data-id=\"79a8aaa\" data-element_type=\"section\">\n\t\t\t\t\t\t<div class=\"elementor-container elementor-column-gap-default\">\n\t\t\t\t\t<div class=\"elementor-column elementor-col-50 elementor-top-column elementor-element elementor-element-6cc9df3\" data-id=\"6cc9df3\" data-element_type=\"column\">\n\t\t\t<div class=\"elementor-widget-wrap elementor-element-populated\">\n\t\t\t\t\t\t\t\t<div class=\"elementor-element elementor-element-d4e0e58 elementor-widget elementor-widget-text-editor\" data-id=\"d4e0e58\" data-element_type=\"widget\" data-widget_type=\"text-editor.default\">\n\t\t\t\t<div class=\"elementor-widget-container\">\n\t\t\t\t\t\t\t\t<p class=\"wb-stl-normal\">* 22.09.2019.<\/p><p class=\"wb-stl-normal\">Wawrzkowizna &#8211; Klubowa Wystawa Retriever\u00f3w.<br \/>s\u0119dzia Bolette Heering (DK)<br \/>YOKO Labradomania Ceg FCI<br \/>klasa po\u015brednia ocena doskona\u0142a.<\/p>\t\t\t\t\t\t<\/div>\n\t\t\t\t<\/div>\n\t\t\t\t\t<\/div>\n\t\t<\/div>\n\t\t\t\t<div class=\"elementor-column elementor-col-50 elementor-top-column elementor-element elementor-element-38c6450\" data-id=\"38c6450\" data-element_type=\"column\">\n\t\t\t<div class=\"elementor-widget-wrap elementor-element-populated\">\n\t\t\t\t\t\t\t\t<div class=\"elementor-element elementor-element-686226a elementor-widget elementor-widget-image\" data-id=\"686226a\" data-element_type=\"widget\" data-widget_type=\"image.default\">\n\t\t\t\t<div class=\"elementor-widget-container\">\n\t\t\t\t\t\t\t\t\t\t\t\t\t\t\t<img width=\"400\" height=\"299\" src=\"https:\/\/labradomania.pl\/wp-content\/uploads\/2021\/07\/b1e8157e38feccf7e10f8de6fba8eb22_400x301.jpeg\" class=\"attachment-large size-large\" alt=\"\" loading=\"lazy\" srcset=\"https:\/\/labradomania.pl\/wp-content\/uploads\/2021\/07\/b1e8157e38feccf7e10f8de6fba8eb22_400x301.jpeg 400w, https:\/\/labradomania.pl\/wp-content\/uploads\/2021\/07\/b1e8157e38feccf7e10f8de6fba8eb22_400x301-300x224.jpeg 300w, https:\/\/labradomania.pl\/wp-content\/uploads\/2021\/07\/b1e8157e38feccf7e10f8de6fba8eb22_400x301-124x93.jpeg 124w\" sizes=\"(max-width: 400px) 100vw, 400px\" \/>\t\t\t\t\t\t\t\t\t\t\t\t\t\t\t<\/div>\n\t\t\t\t<\/div>\n\t\t\t\t\t<\/div>\n\t\t<\/div>\n\t\t\t\t\t\t\t<\/div>\n\t\t<\/section>\n\t\t\t\t<section class=\"elementor-section elementor-top-section elementor-element elementor-element-154d937 elementor-section-boxed elementor-section-height-default elementor-section-height-default\" data-id=\"154d937\" data-element_type=\"section\">\n\t\t\t\t\t\t<div class=\"elementor-container elementor-column-gap-default\">\n\t\t\t\t\t<div class=\"elementor-column elementor-col-50 elementor-top-column elementor-element elementor-element-2b80af5\" data-id=\"2b80af5\" data-element_type=\"column\">\n\t\t\t<div class=\"elementor-widget-wrap elementor-element-populated\">\n\t\t\t\t\t\t\t\t<div class=\"elementor-element elementor-element-6d1bd8a elementor-widget elementor-widget-text-editor\" data-id=\"6d1bd8a\" data-element_type=\"widget\" data-widget_type=\"text-editor.default\">\n\t\t\t\t<div class=\"elementor-widget-container\">\n\t\t\t\t\t\t\t\t<p class=\"wb-stl-normal\">* 22.09.2019.<br \/>Wawrzkowizna Krajowa Wystawa Ps\u00f3w Rasowych.<br \/>s\u0119dzia Jan Ryk (PL)<br \/>YOKO Labradomania Ceg FCI<br \/>klasa po\u015brednia ocena doskona\u0142a lokata\u00a0<strong>1<\/strong>.<br \/><strong>***najlepsza doros\u0142a suka,zwyci\u0119zca p\u0142ci przeciwnej\u00a0<\/strong>\u00a0<strong>CWC.<\/strong><\/p>\t\t\t\t\t\t<\/div>\n\t\t\t\t<\/div>\n\t\t\t\t\t<\/div>\n\t\t<\/div>\n\t\t\t\t<div class=\"elementor-column elementor-col-50 elementor-top-column elementor-element elementor-element-c9ec011\" data-id=\"c9ec011\" data-element_type=\"column\">\n\t\t\t<div class=\"elementor-widget-wrap elementor-element-populated\">\n\t\t\t\t\t\t\t\t<div class=\"elementor-element elementor-element-6471da9 elementor-widget elementor-widget-image\" data-id=\"6471da9\" data-element_type=\"widget\" data-widget_type=\"image.default\">\n\t\t\t\t<div class=\"elementor-widget-container\">\n\t\t\t\t\t\t\t\t\t\t\t\t\t\t\t<img width=\"768\" height=\"1024\" src=\"https:\/\/labradomania.pl\/wp-content\/uploads\/2021\/07\/166143840_4395523200461037_1699511578468276937_n-768x1024.jpg\" class=\"attachment-large size-large\" alt=\"\" loading=\"lazy\" srcset=\"https:\/\/labradomania.pl\/wp-content\/uploads\/2021\/07\/166143840_4395523200461037_1699511578468276937_n-768x1024.jpg 768w, https:\/\/labradomania.pl\/wp-content\/uploads\/2021\/07\/166143840_4395523200461037_1699511578468276937_n-225x300.jpg 225w, https:\/\/labradomania.pl\/wp-content\/uploads\/2021\/07\/166143840_4395523200461037_1699511578468276937_n-1152x1536.jpg 1152w, https:\/\/labradomania.pl\/wp-content\/uploads\/2021\/07\/166143840_4395523200461037_1699511578468276937_n.jpg 1536w\" sizes=\"(max-width: 768px) 100vw, 768px\" \/>\t\t\t\t\t\t\t\t\t\t\t\t\t\t\t<\/div>\n\t\t\t\t<\/div>\n\t\t\t\t\t<\/div>\n\t\t<\/div>\n\t\t\t\t\t\t\t<\/div>\n\t\t<\/section>\n\t\t\t\t\t\t<\/div>\n\t\t\t\t\t<\/div>\n\t\t","protected":false},"excerpt":{"rendered":"<p>Wystawy International Dog ShowKENNEL CLUB OF MONTENEGRO.\u25fe YOKO Labradomania Ceg-FCI \ud83c\udfc6\u25fe Champion of Montenegro \ud83c\udfc6\u25fe Grand Champion of Montenegro \ud83c\udfc6XXIV IDS. CACIB 1 PG 2020.Podgorica.28.11.2020 judge Antonio Mracevic (ME)\ud83c\udfc6 Place<\/p>\n<p class=\"more-link\"><a href=\"https:\/\/labradomania.pl\/index.php\/wystawy\/\" class=\"readmore\">Continue reading<svg class=\"icon icon-arrow-right\" aria-hidden=\"true\" role=\"img\"> <use href=\"#icon-arrow-right\" xlink:href=\"#icon-arrow-right\"><\/use> <\/svg><span class=\"screen-reader-text\">wystawy<\/span><\/a><\/p>\n","protected":false},"author":1,"featured_media":0,"parent":0,"menu_order":0,"comment_status":"closed","ping_status":"closed","template":"","meta":{"om_disable_all_campaigns":false,"_monsterinsights_skip_tracking":false,"_monsterinsights_sitenote_active":false,"_monsterinsights_sitenote_note":"","_monsterinsights_sitenote_category":0},"_links":{"self":[{"href":"https:\/\/labradomania.pl\/index.php\/wp-json\/wp\/v2\/pages\/105"}],"collection":[{"href":"https:\/\/labradomania.pl\/index.php\/wp-json\/wp\/v2\/pages"}],"about":[{"href":"https:\/\/labradomania.pl\/index.php\/wp-json\/wp\/v2\/types\/page"}],"author":[{"embeddable":true,"href":"https:\/\/labradomania.pl\/index.php\/wp-json\/wp\/v2\/users\/1"}],"replies":[{"embeddable":true,"href":"https:\/\/labradomania.pl\/index.php\/wp-json\/wp\/v2\/comments?post=105"}],"version-history":[{"count":13,"href":"https:\/\/labradomania.pl\/index.php\/wp-json\/wp\/v2\/pages\/105\/revisions"}],"predecessor-version":[{"id":247,"href":"https:\/\/labradomania.pl\/index.php\/wp-json\/wp\/v2\/pages\/105\/revisions\/247"}],"wp:attachment":[{"href":"https:\/\/labradomania.pl\/index.php\/wp-json\/wp\/v2\/media?parent=105"}],"curies":[{"name":"wp","href":"https:\/\/api.w.org\/{rel}","templated":true}]}}